{"id":159,"date":"2015-05-19T11:53:55","date_gmt":"2015-05-19T09:53:55","guid":{"rendered":"http:\/\/praxis.cunea.com\/praxis\/?page_id=159"},"modified":"2015-12-19T17:56:50","modified_gmt":"2015-12-19T16:56:50","slug":"veroeffentlichungen-und-vortraegen-auswahl","status":"publish","type":"page","link":"http:\/\/praxis.cunea.com\/praxis\/index.php\/ueber-mich\/veroeffentlichungen-und-vortraegen-auswahl\/","title":{"rendered":"Ver\u00f6ffentlichungen und Vortr\u00e4ge (Auswahl)"},"content":{"rendered":"<ol>\n<li>Zahnmedizinische Gruppenprophylaxe in Kinderg\u00e4rten und Schulen. Vortrag zum 1. internationalen Kongress &#8220;The Challange of Health&#8221; Hamburg 6. 1989<\/li>\n<li>Dokumentation in der Oralprophylaxe. Vortrag zum 24. Fortbildungskurs Norderney. 6.1989<\/li>\n<li>Ans\u00e4tze f\u00fcr ein Gruppenprophylaxe\u2011 Konzept f\u00fcr einen deutschen Betrieb. Vortrag zur Tagung &#8220;Zahnmedizin und Gesellschaft&#8221; (DGP). 6. 1989<\/li>\n<li>Psychologische Grundlagen Kommunikation und Dokumentation bei der Individualprophylaxe. Fortbildungskurs Karl\u2011H\u00e4upl\u2011Institut Mai 1990<\/li>\n<li>Ein Paradigma f\u00fcr ein Ausbildungsprogramm in der oralmedizinischen Pr\u00e4vention. Ein Projekt der ZMK\u2011Klinik der Uni Witten\/ Herdecke. MMG September 1990<\/li>\n<li>Einf\u00fchrung in die zahnmedizinische Anamneseerhebung. Vortrag zur 15. Fachtagung GMP. ZMK-Klinik Hannover Oktober 1990<\/li>\n<li>Die Durchf\u00fchrung und Dokumentation in der Prophylaxe. Seminar Karl-H\u00e4upl-Institut, Jan. 1991<\/li>\n<li>Ethik und Zahnheilkunde. Kurs Witten\/Herdecke, April 1991<\/li>\n<li>Bohren &#8211; auch mit Worten. Witten\/Herdecke. Rheinische Post 1991<\/li>\n<li>Ans\u00e4tze f\u00fcr die Einf\u00fchrung ethischer Aspekte in das zahnmedizinische Curriculum. Bericht Witten\/Herdecke 1991<\/li>\n<li>Bedarfsorientierte Integration der Gruppen- und Individualpr\u00e4vention bei 6-8j\u00e4hrigen Jugendlichen. Karl-H\u00e4upl-Institut. 2 Kurse Sept. 92<\/li>\n<li>Vorbeugung, Verantwortung, Verdienst. Gastkommentar Die Zahnarztwoche, M\u00e4rz 1993.<\/li>\n<li>Integrierte Prophylaxe. Kurs im Karl H\u00e4upl-Institut zusammen mit Prof. Dr. Per Axelsson (Karlstadt, Schweden), 1994.<\/li>\n<li>Zahnheilkunde in Krisenzeiten\u2011 eine Chance f\u00fcr mehr Mundgesundheit? Artikel Die Zahnarztwoche 1994.<\/li>\n<li>Die zuk\u00fcnftige pr\u00e4ventive Praxis \u201eheute\u201c. 2 Kurse 1994.<\/li>\n<li>A new method to save hopeless teeth.Vortrag in Tel Aviv, September 1995.<\/li>\n<li>Organisation und Dokumentation in der Prophylaxe. Gemeinsamer Kurs im Karl H\u00e4upl-Institut zusammen mit Thomas Schneller (1995).<\/li>\n<li>Intraradicular Telescopic Coping Systems &#8211; 10 Years Experience. Table Clinic, Academy of Operative Dentistry 1995.<\/li>\n<li>The Therapeutic Gel Tray. A Chairside Custom Made Anti Caries Gel Tray. Table Clinic, Academy of Operative Dentistry 1997.<\/li>\n<li>Ein neues Verfahren zum Erhalt \u201ehoffnungsloser\u201c Z\u00e4hne in der Gerontologie. Vortrag Dresden 1997.<\/li>\n<li>Plaquebildungsrateindex bei 3 bis 19j\u00e4hrigen. Gemeinsame Pilotstudie mit Prof. Dr. Per Axelsson (Karlstadt, Schweden). Phillip Journal14, 7-8 (1997): 237-240.<\/li>\n<li>Strategien zur zahnmedizinischen Angstpr\u00e4vention bei Kleinkindern im Alter von ein bis drei Jahren. Quintessenz 48, 11 (1997): 1513-1529 und 12 (1997): 1649-1658.<\/li>\n<li>Qualit\u00e4t beginnt mit \u201eQual\u201c \u2013 auch bei der zahnmedizinischen Pr\u00e4vention. Warum Zahn\u00e4rzte keine Fr\u00f6sche sein sollten. Oralprophylaxe 20, 4 (1998): 219.<\/li>\n<li>\u201eKeine Angst vor dem Zahnarztmann\u201c \u2013 durch professionelle Angstpr\u00e4vention. \u00dcber den Umgang mit \u00e4ngstlichen Kindern in der Praxis. DZW 22 (1998): 12.<\/li>\n<li>\u00dcber Schafe und W\u00f6lfe. DFZ 7-8 (1999): 12<\/li>\n<li>Zahnmedizinische Angstpr\u00e4vention bei Kleinkindern. P\u00e4diatrische Praxis 57 (1999\/2000): 499-506.<\/li>\n<li>Glas-Ionomer-Versiegelung in der Eruptionsphase. (Ko-Autoren: P. Axelsson, J. Kuroczik, G. Lanzer, K. Matthies, C. Splieth) Phillip Journal 5-6 (2000): 101-107.<\/li>\n<li>Eine extra- und intraorale \u00dcbungsfolge zur korrekten Handhabung der Zahnseide. Die Quintessenz 12 (2000).<\/li>\n<li>Die Geschichte der deutschen Tucker-Studiengruppen. Vortrag bei der Paul Sch\u00f6ning Memorial Lecture \u201eGold for ever\u201c, Juni 2001.<\/li>\n<li>Was macht die Z\u00e4hne wei\u00df? \u2013 Zehn Tipps f\u00fcr die Zahngesundheit unter der Experten-Lupe. Interviewbeitrag in vigo! 3, 2002.<\/li>\n<li>Marketing-Aspekte der tempor\u00e4ren Versiegelung in der Eruptionsphase. dental-praxis XIX, Heft 5-6 2002.<\/li>\n<li>Intraradikul\u00e4re Teleskope. (Ko-Autoren: Joachim Kuroczik, Kathrin Cunea, Horst Haumann) Dem Imlantol 6, 334-340 (2002).<\/li>\n<li>The Richard V. Tucker Cavity for the 7\/8 Crown. Vortrag gemeinsam mit Joachim Kuroczik, Georg Lanzer und Konrad Matthies bei der Academy of Operative Dentistry, Chicago 2003.<\/li>\n<li>Philosophie, Geschichte und Organisation der Tucker-Studiengruppen. Vortrag an der Uni Kiel, Juli 2003.<\/li>\n<li>Angstpr\u00e4vention bei Kleinkindern. Vortrag bei der gemeinsamen Tagung der wissenschaftlichen Gesellschaften der Zahn-, Mund- und Kieferheilkunde in Berlin, Oktober 2005.<\/li>\n<li>Erhalt parodontal \u201ehoffnungsloser\u201c Z\u00e4hne durch intraradikul\u00e4re Teleskope. Posterpr\u00e4sentation bei der gemeinsamen Tagung der wissenschaftlichen Gesellschaften der Zahn-, Mund- und Kieferheilkunde in Berlin, Oktober 2005.<\/li>\n<li>Intraradikul\u00e4re Teleskope (Coverdenture). Vortrag bei der gemeinsamen Tagung der wissenschaftlichen Gesellschaften der Zahn-, Mund- und Kieferheilkunde in Berlin, Oktober 2005.<\/li>\n<li>Effektive und kosteng\u00fcnstige Zahnseideschulung in der pr\u00e4ventiven Praxis. Posterpr\u00e4sentation bei der gemeinsamen Tagung der wissenschaftlichen Gesellschaften der Zahn-, Mund- und Kieferheilkunde in Berlin, Oktober 2005.<\/li>\n<li>Intraradikul\u00e4re Teleskope. Eine retrospektive Studie. DZZ 53 (2008), 317-323.<\/li>\n<\/ol>\n","protected":false},"excerpt":{"rendered":"<p>Zahnmedizinische Gruppenprophylaxe in Kinderg\u00e4rten und Schulen. Vortrag zum 1. internationalen Kongress &#8220;The Challange of Health&#8221; Hamburg 6. 1989 Dokumentation in der Oralprophylaxe. Vortrag zum 24. Fortbildungskurs Norderney. 6.1989 Ans\u00e4tze f\u00fcr <a class=\"more-link\" href=\"http:\/\/praxis.cunea.com\/praxis\/index.php\/ueber-mich\/veroeffentlichungen-und-vortraegen-auswahl\/\">Continue Reading &rarr;<\/a><\/p>\n","protected":false},"author":1,"featured_media":0,"parent":57,"menu_order":0,"comment_status":"closed","ping_status":"closed","template":"","meta":[],"_links":{"self":[{"href":"http:\/\/praxis.cunea.com\/praxis\/index.php\/wp-json\/wp\/v2\/pages\/159"}],"collection":[{"href":"http:\/\/praxis.cunea.com\/praxis\/index.php\/wp-json\/wp\/v2\/pages"}],"about":[{"href":"http:\/\/praxis.cunea.com\/praxis\/index.php\/wp-json\/wp\/v2\/types\/page"}],"author":[{"embeddable":true,"href":"http:\/\/praxis.cunea.com\/praxis\/index.php\/wp-json\/wp\/v2\/users\/1"}],"replies":[{"embeddable":true,"href":"http:\/\/praxis.cunea.com\/praxis\/index.php\/wp-json\/wp\/v2\/comments?post=159"}],"version-history":[{"count":4,"href":"http:\/\/praxis.cunea.com\/praxis\/index.php\/wp-json\/wp\/v2\/pages\/159\/revisions"}],"predecessor-version":[{"id":171,"href":"http:\/\/praxis.cunea.com\/praxis\/index.php\/wp-json\/wp\/v2\/pages\/159\/revisions\/171"}],"up":[{"embeddable":true,"href":"http:\/\/praxis.cunea.com\/praxis\/index.php\/wp-json\/wp\/v2\/pages\/57"}],"wp:attachment":[{"href":"http:\/\/praxis.cunea.com\/praxis\/index.php\/wp-json\/wp\/v2\/media?parent=159"}],"curies":[{"name":"wp","href":"https:\/\/api.w.org\/{rel}","templated":true}]}}