{"id":39,"date":"2015-05-11T12:17:49","date_gmt":"2015-05-11T10:17:49","guid":{"rendered":"http:\/\/praxis.cunea.com\/praxis\/?page_id=39"},"modified":"2024-05-07T12:34:32","modified_gmt":"2024-05-07T10:34:32","slug":"impressum","status":"publish","type":"page","link":"http:\/\/praxis.cunea.com\/praxis\/index.php\/impressum\/","title":{"rendered":"Impressum"},"content":{"rendered":"<p><strong>Name<\/strong><br \/>\nDr.-medic stom.(R) Elian Cunea<\/p>\n<p><strong>Praxisanschrift<\/strong><br \/>\nHeinrichstra\u00dfe 73<br \/>\n40239 D\u00fcsseldorf<\/p>\n<p><strong>Telefon<\/strong><br \/>\nTel. (0211) 93 67 74 33<br \/>\nFax (0211) 6 91 22 75<\/p>\n<p><strong>E-Mail<\/strong><br \/>\n<a href=\"mailto:praxis@cunea.com\">praxis@cunea.com<\/a><\/p>\n<p><strong>Gesetzliche Berufsbezeichnung<\/strong><br \/>\nZahnarzt<\/p>\n<p><strong>Staat, der die Berufsbezeichnung verliehen hat<\/strong><br \/>\nRum\u00e4nien<\/p>\n<p><strong>Zahn\u00e4rztekammer<\/strong><br \/>\nZahn\u00e4rztekammer Nordrhein<br \/>\nEmanuel-Leutze-Str. 8<br \/>\n40547 D\u00fcsseldorf-L\u00f6rick<br \/>\n<a href=\"http:\/\/www.zaek-nr.de\/\">http:\/\/www.zaek-nr.de\/<\/a><\/p>\n<p><strong>Kassenzahn\u00e4rztliche Vereinigung (Aufsichtsbeh\u00f6rde)<\/strong><br \/>\nKassenzahn\u00e4rztliche Vereinigung Nordrhein<br \/>\nK\u00f6rperschaft des \u00f6ffentlichen Rechts<br \/>\nLindemannstra\u00dfe 34-42<br \/>\n40237 D\u00fcsseldorf<br \/>\n<a href=\"http:\/\/www.zahnaerzte-nr.de\/\">http:\/\/www.zahnaerzte-nr.de\/<\/a><\/p>\n<p><strong>Berufsrechtliche Regelung<\/strong><br \/>\n<a href=\"http:\/\/www.zahnaerztekammernordrhein.de\/nc\/fuer-zahnaerzte\/recht-goz\/rechtsvorschriften.html?tx_drblob_pi1[downloadUid]=37\" target=\"_blank\" rel=\"noopener\">Berufsordnung der Zahn\u00e4rztekammer Nordrhein<\/a><\/p>\n<p><a href=\"http:\/\/www.bzaek.de\/fileadmin\/PDFs\/goz\/gebuehrenordnung_fuer_zahnaerzte_2012.pdf\" target=\"_blank\" rel=\"noopener\"><strong>Die Geb\u00fchrenordnung f\u00fcr Zahn\u00e4rzte<\/strong><\/a><\/p>\n<p><a href=\"http:\/\/www.gesetze-im-internet.de\/bundesrecht\/zhg\/gesamt.pdf\" target=\"_blank\" rel=\"noopener\"><strong>Das Zahnheilkundegesetz<\/strong><\/a><\/p>\n<p><a href=\"http:\/\/www.aekno.de\/page.asp?pageID=5234\" target=\"_blank\" rel=\"noopener\"><strong>Das Heilberufsgesetz<\/strong><\/a><\/p>\n","protected":false},"excerpt":{"rendered":"<p>Name Dr.-medic stom.(R) Elian Cunea Praxisanschrift Heinrichstra\u00dfe 73 40239 D\u00fcsseldorf Telefon Tel. (0211) 93 67 74 33 Fax (0211) 6 91 22 75 E-Mail praxis@cunea.com Gesetzliche Berufsbezeichnung Zahnarzt Staat, der <a class=\"more-link\" href=\"http:\/\/praxis.cunea.com\/praxis\/index.php\/impressum\/\">Continue Reading &rarr;<\/a><\/p>\n","protected":false},"author":1,"featured_media":0,"parent":0,"menu_order":0,"comment_status":"closed","ping_status":"closed","template":"","meta":[],"_links":{"self":[{"href":"http:\/\/praxis.cunea.com\/praxis\/index.php\/wp-json\/wp\/v2\/pages\/39"}],"collection":[{"href":"http:\/\/praxis.cunea.com\/praxis\/index.php\/wp-json\/wp\/v2\/pages"}],"about":[{"href":"http:\/\/praxis.cunea.com\/praxis\/index.php\/wp-json\/wp\/v2\/types\/page"}],"author":[{"embeddable":true,"href":"http:\/\/praxis.cunea.com\/praxis\/index.php\/wp-json\/wp\/v2\/users\/1"}],"replies":[{"embeddable":true,"href":"http:\/\/praxis.cunea.com\/praxis\/index.php\/wp-json\/wp\/v2\/comments?post=39"}],"version-history":[{"count":13,"href":"http:\/\/praxis.cunea.com\/praxis\/index.php\/wp-json\/wp\/v2\/pages\/39\/revisions"}],"predecessor-version":[{"id":198,"href":"http:\/\/praxis.cunea.com\/praxis\/index.php\/wp-json\/wp\/v2\/pages\/39\/revisions\/198"}],"wp:attachment":[{"href":"http:\/\/praxis.cunea.com\/praxis\/index.php\/wp-json\/wp\/v2\/media?parent=39"}],"curies":[{"name":"wp","href":"https:\/\/api.w.org\/{rel}","templated":true}]}}