{"id":72,"date":"2015-05-11T14:42:56","date_gmt":"2015-05-11T12:42:56","guid":{"rendered":"http:\/\/praxis.cunea.com\/praxis\/?page_id=72"},"modified":"2015-05-19T16:41:05","modified_gmt":"2015-05-19T14:41:05","slug":"sprechzeiten","status":"publish","type":"page","link":"http:\/\/praxis.cunea.com\/praxis\/index.php\/sprechzeiten\/","title":{"rendered":"Sprechzeiten"},"content":{"rendered":"<p><strong><a href=\"http:\/\/praxis.cunea.com\/praxis\/wp-content\/uploads\/2015\/05\/telefon.jpg\"><img loading=\"lazy\" class=\"alignright size-full wp-image-108\" src=\"http:\/\/praxis.cunea.com\/praxis\/wp-content\/uploads\/2015\/05\/telefon.jpg\" alt=\"telefon\" width=\"200\" height=\"173\" \/><\/a>Behandlungstermine nur nach Vereinbarung<\/strong><\/p>\n<p>Wir m\u00f6chten unseren Patienten lange Wartezeiten ersparen und eine Behandlung ohne Zeitdruck gew\u00e4hrleisten. Deshalb f\u00fchren wir Behandlungen grunds\u00e4tzlich <span style=\"color: #ff0000;\">nur nach Terminabsprache<\/span> durch (Tel. 0211 &#8211; 93 67 74 33).<\/p>\n<p>.<\/p>\n<p>Sie k\u00f6nnen uns jederzeit telefonisch erreichen, auch au\u00dferhalb der regul\u00e4ren Sprechzeiten. Unsere Rufnummern und weitere Kontaktinformationen sowie ein E-Mail-Kontaktformular finden Sie <a href=\"http:\/\/praxis.cunea.com\/praxis\/index.php\/kontakt\/\">hier<\/a> .<\/p>\n<p>&nbsp;<\/p>\n<p>&nbsp;<\/p>\n","protected":false},"excerpt":{"rendered":"<p>Behandlungstermine nur nach Vereinbarung Wir m\u00f6chten unseren Patienten lange Wartezeiten ersparen und eine Behandlung ohne Zeitdruck gew\u00e4hrleisten. Deshalb f\u00fchren wir Behandlungen grunds\u00e4tzlich nur nach Terminabsprache durch (Tel. 0211 &#8211; 93 <a class=\"more-link\" href=\"http:\/\/praxis.cunea.com\/praxis\/index.php\/sprechzeiten\/\">Continue Reading &rarr;<\/a><\/p>\n","protected":false},"author":1,"featured_media":0,"parent":0,"menu_order":0,"comment_status":"closed","ping_status":"closed","template":"","meta":[],"_links":{"self":[{"href":"http:\/\/praxis.cunea.com\/praxis\/index.php\/wp-json\/wp\/v2\/pages\/72"}],"collection":[{"href":"http:\/\/praxis.cunea.com\/praxis\/index.php\/wp-json\/wp\/v2\/pages"}],"about":[{"href":"http:\/\/praxis.cunea.com\/praxis\/index.php\/wp-json\/wp\/v2\/types\/page"}],"author":[{"embeddable":true,"href":"http:\/\/praxis.cunea.com\/praxis\/index.php\/wp-json\/wp\/v2\/users\/1"}],"replies":[{"embeddable":true,"href":"http:\/\/praxis.cunea.com\/praxis\/index.php\/wp-json\/wp\/v2\/comments?post=72"}],"version-history":[{"count":3,"href":"http:\/\/praxis.cunea.com\/praxis\/index.php\/wp-json\/wp\/v2\/pages\/72\/revisions"}],"predecessor-version":[{"id":167,"href":"http:\/\/praxis.cunea.com\/praxis\/index.php\/wp-json\/wp\/v2\/pages\/72\/revisions\/167"}],"wp:attachment":[{"href":"http:\/\/praxis.cunea.com\/praxis\/index.php\/wp-json\/wp\/v2\/media?parent=72"}],"curies":[{"name":"wp","href":"https:\/\/api.w.org\/{rel}","templated":true}]}}