{"id":81,"date":"2015-05-11T14:51:00","date_gmt":"2015-05-11T12:51:00","guid":{"rendered":"http:\/\/praxis.cunea.com\/praxis\/?page_id=81"},"modified":"2015-05-19T16:39:36","modified_gmt":"2015-05-19T14:39:36","slug":"philosophie","status":"publish","type":"page","link":"http:\/\/praxis.cunea.com\/praxis\/index.php\/philosophie\/","title":{"rendered":"Philosophie"},"content":{"rendered":"<blockquote>\n<p style=\"text-align: center;\"><em>&#8220;Unser oberstes Ziel ist es, Ihnen moderne Zahnmedizin in einer famili\u00e4ren Atmosph\u00e4re zu bieten und Ihnen so dabei zu helfen, lebenslang gesunde Z\u00e4hne zu bewahren.&#8221;<\/em><\/p>\n<\/blockquote>\n<p><strong>Orale Pr\u00e4ventologie (Vorbeugung)<\/strong><br \/>\nGrunds\u00e4tzlich ist unsere Arbeit pr\u00e4ventiv orientiert. Es geht uns darum, durch individuell auf jeden einzelnen Patienten zugeschnittene Vorbeugungsma\u00dfnahmen unangenehme und teure Heilbehandlungen m\u00f6glichst \u00fcberfl\u00fcssig werden zu lassen. Zahn\u00e4rztliche Prophylaxe und Pr\u00e4vention stehen also im Zentrum all unserer Bem\u00fchungen.<\/p>\n<p><strong>Zahnerhalt<br \/>\n<\/strong>Die eigenen, nat\u00fcrlichen Z\u00e4hne sind die besten, die es gibt. Deshalb tun wir alles, um auch erkrankte und vorgesch\u00e4digte Z\u00e4hne zu erhalten, z. B. durch endodontische Behandlungen (Wurzelbehandlungen).<\/p>\n<p><strong>Pr\u00e4ventive (nachhaltige) Zahnrestaurationen<\/strong><br \/>\nJede neue &#8220;Reparatur&#8221; eines Zahnes kostet nat\u00fcrliche Zahnsubstanz und macht es zunehmend schwerer, den Zahn zu erhalten. Hochwertige, handwerklich perfekte Zahnrestaurationen aus Gold k\u00f6nnen &#8211; pr\u00e4ventive Begleitma\u00dfnahmen vorausgesetzt &#8211; ein Leben lang halten und zudem auch sehr \u00e4sthetisch gestaltet werden. Gold ist deshalb unser bevorzugter Werkstoff f\u00fcr den Ersatz von Zahnsubstanz.<\/p>\n<p><strong>Zahnmedizin f\u00fcr alle<\/strong><br \/>\nGesunde Z\u00e4hne sind ein wichtiges St\u00fcck Lebensqualit\u00e4t f\u00fcr alle Menschen und in jedem Alter. Privat- und Kassenpatienten sind uns selbstverst\u00e4ndlich gleicherma\u00dfen willkommen. Damit niemand auf moderne zahnmedizinische Betreuung verzichten muss, sind wir gerne bereit, auf besondere Bed\u00fcrfnisse und Problemlagen unserer Patienten R\u00fccksicht zu nehmen. Neben flexiblen Terminvereinbarungen bieten wir u. a. auch spezielle Programme und Beratungen f\u00fcr Angstpatienten sowie Hausbesuche f\u00fcr Kinder, Senioren, Kranke und Pflegebed\u00fcrftige an.<\/p>\n","protected":false},"excerpt":{"rendered":"<p>&#8220;Unser oberstes Ziel ist es, Ihnen moderne Zahnmedizin in einer famili\u00e4ren Atmosph\u00e4re zu bieten und Ihnen so dabei zu helfen, lebenslang gesunde Z\u00e4hne zu bewahren.&#8221; Orale Pr\u00e4ventologie (Vorbeugung) Grunds\u00e4tzlich ist <a class=\"more-link\" href=\"http:\/\/praxis.cunea.com\/praxis\/index.php\/philosophie\/\">Continue Reading &rarr;<\/a><\/p>\n","protected":false},"author":1,"featured_media":0,"parent":0,"menu_order":0,"comment_status":"closed","ping_status":"closed","template":"","meta":[],"_links":{"self":[{"href":"http:\/\/praxis.cunea.com\/praxis\/index.php\/wp-json\/wp\/v2\/pages\/81"}],"collection":[{"href":"http:\/\/praxis.cunea.com\/praxis\/index.php\/wp-json\/wp\/v2\/pages"}],"about":[{"href":"http:\/\/praxis.cunea.com\/praxis\/index.php\/wp-json\/wp\/v2\/types\/page"}],"author":[{"embeddable":true,"href":"http:\/\/praxis.cunea.com\/praxis\/index.php\/wp-json\/wp\/v2\/users\/1"}],"replies":[{"embeddable":true,"href":"http:\/\/praxis.cunea.com\/praxis\/index.php\/wp-json\/wp\/v2\/comments?post=81"}],"version-history":[{"count":10,"href":"http:\/\/praxis.cunea.com\/praxis\/index.php\/wp-json\/wp\/v2\/pages\/81\/revisions"}],"predecessor-version":[{"id":166,"href":"http:\/\/praxis.cunea.com\/praxis\/index.php\/wp-json\/wp\/v2\/pages\/81\/revisions\/166"}],"wp:attachment":[{"href":"http:\/\/praxis.cunea.com\/praxis\/index.php\/wp-json\/wp\/v2\/media?parent=81"}],"curies":[{"name":"wp","href":"https:\/\/api.w.org\/{rel}","templated":true}]}}