{"id":9,"date":"2015-05-11T10:51:11","date_gmt":"2015-05-11T08:51:11","guid":{"rendered":"http:\/\/praxis.cunea.com\/praxis\/?page_id=9"},"modified":"2024-05-07T12:41:46","modified_gmt":"2024-05-07T10:41:46","slug":"herzlich-willkommen","status":"publish","type":"page","link":"http:\/\/praxis.cunea.com\/praxis\/","title":{"rendered":"Herzlich willkommen!"},"content":{"rendered":"<p><a href=\"http:\/\/praxis.cunea.com\/praxis\/wp-content\/uploads\/2015\/05\/Elian-Cunea.jpg\"><img loading=\"lazy\" class=\"alignright  wp-image-103\" src=\"http:\/\/praxis.cunea.com\/praxis\/wp-content\/uploads\/2015\/05\/Elian-Cunea.jpg\" alt=\"Elian Cunea\" width=\"200\" height=\"238\" srcset=\"http:\/\/praxis.cunea.com\/praxis\/wp-content\/uploads\/2015\/05\/Elian-Cunea.jpg 824w, http:\/\/praxis.cunea.com\/praxis\/wp-content\/uploads\/2015\/05\/Elian-Cunea-252x300.jpg 252w\" sizes=\"(max-width: 200px) 100vw, 200px\" \/><\/a>Vor dem Hintergrund von 40 Jahren Erfahrung in der Zahnheilkunde bietet Ihnen unsere Praxis modernste Mund- und Zahnmedizin auf h\u00f6chstem Niveau. Unsere Schwerpunkte sind orale Pr\u00e4ventologie (Vorbeugung) sowie minimalinvasive, nachhaltige Restaurationen (Teilkronen, Inlays usw.).<\/p>\n<p>Mit dieser Website m\u00f6chten wir Ihnen unsere <a href=\"http:\/\/praxis.cunea.com\/praxis\/index.php\/philosophie\/\">Philosophie <\/a>n\u00e4her bringen und Ihnen zeigen, was wir f\u00fcr Ihre Mundgesundheit tun k\u00f6nnen<\/p>\n<p><span style=\"color: #ff0000;\">Bitte beachten Sie, dass <strong>Sprechzeiten nur nach Vereinbarung<\/strong> stattfinden! Nehmen Sie daher bitte unbedingt Kontakt mit uns auf, bevor Sie in unsere Praxis kommen!<\/span><\/p>\n<p><em>Ihr Elian Cunea<\/em><\/p>\n<hr \/>\n<p><img loading=\"lazy\" class=\"wp-image-133 size-full alignleft\" src=\"http:\/\/praxis.cunea.com\/praxis\/wp-content\/uploads\/2015\/05\/rvt.jpg\" alt=\"rvt\" width=\"215\" height=\"53\" \/><img loading=\"lazy\" class=\"wp-image-132 size-full alignleft\" src=\"http:\/\/praxis.cunea.com\/praxis\/wp-content\/uploads\/2015\/05\/aod.jpg\" alt=\"aod\" width=\"201\" height=\"53\" \/><img loading=\"lazy\" class=\"wp-image-131 size-full alignleft\" src=\"http:\/\/praxis.cunea.com\/praxis\/wp-content\/uploads\/2015\/05\/weine.jpg\" alt=\"weine\" width=\"208\" height=\"53\" \/><\/p>\n","protected":false},"excerpt":{"rendered":"<p>Vor dem Hintergrund von 40 Jahren Erfahrung in der Zahnheilkunde bietet Ihnen unsere Praxis modernste Mund- und Zahnmedizin auf h\u00f6chstem Niveau. Unsere Schwerpunkte sind orale Pr\u00e4ventologie (Vorbeugung) sowie minimalinvasive, nachhaltige <a class=\"more-link\" href=\"http:\/\/praxis.cunea.com\/praxis\/\">Continue Reading &rarr;<\/a><\/p>\n","protected":false},"author":1,"featured_media":0,"parent":0,"menu_order":0,"comment_status":"closed","ping_status":"closed","template":"","meta":[],"_links":{"self":[{"href":"http:\/\/praxis.cunea.com\/praxis\/index.php\/wp-json\/wp\/v2\/pages\/9"}],"collection":[{"href":"http:\/\/praxis.cunea.com\/praxis\/index.php\/wp-json\/wp\/v2\/pages"}],"about":[{"href":"http:\/\/praxis.cunea.com\/praxis\/index.php\/wp-json\/wp\/v2\/types\/page"}],"author":[{"embeddable":true,"href":"http:\/\/praxis.cunea.com\/praxis\/index.php\/wp-json\/wp\/v2\/users\/1"}],"replies":[{"embeddable":true,"href":"http:\/\/praxis.cunea.com\/praxis\/index.php\/wp-json\/wp\/v2\/comments?post=9"}],"version-history":[{"count":27,"href":"http:\/\/praxis.cunea.com\/praxis\/index.php\/wp-json\/wp\/v2\/pages\/9\/revisions"}],"predecessor-version":[{"id":204,"href":"http:\/\/praxis.cunea.com\/praxis\/index.php\/wp-json\/wp\/v2\/pages\/9\/revisions\/204"}],"wp:attachment":[{"href":"http:\/\/praxis.cunea.com\/praxis\/index.php\/wp-json\/wp\/v2\/media?parent=9"}],"curies":[{"name":"wp","href":"https:\/\/api.w.org\/{rel}","templated":true}]}}